{"id":944,"date":"2024-04-05T14:58:01","date_gmt":"2024-04-05T14:58:01","guid":{"rendered":"https:\/\/xermegame.gal\/privacy-policy\/"},"modified":"2024-05-08T22:32:19","modified_gmt":"2024-05-08T22:32:19","slug":"privacy-policy","status":"publish","type":"page","link":"https:\/\/xermegame.gal\/en\/privacy-policy\/","title":{"rendered":"Privacy Policy"},"content":{"rendered":"\t\t<div data-elementor-type=\"wp-page\" data-elementor-id=\"944\" class=\"elementor elementor-944 elementor-501\" data-elementor-post-type=\"page\">\n\t\t\t\t\t\t<section class=\"elementor-section elementor-top-section elementor-element elementor-element-d7e079f elementor-section-full_width elementor-section-height-default elementor-section-height-default\" data-id=\"d7e079f\" data-element_type=\"section\" data-e-type=\"section\" id=\"top\" data-settings=\"{&quot;background_background&quot;:&quot;classic&quot;}\">\n\t\t\t\t\t\t<div class=\"elementor-container elementor-column-gap-default\">\n\t\t\t\t\t<div class=\"elementor-column elementor-col-100 elementor-top-column elementor-element elementor-element-e1cf997\" data-id=\"e1cf997\" data-element_type=\"column\" data-e-type=\"column\">\n\t\t\t<div class=\"elementor-widget-wrap elementor-element-populated\">\n\t\t\t\t\t\t<div class=\"elementor-element elementor-element-40e08a9 elementor-widget elementor-widget-heading\" data-id=\"40e08a9\" data-element_type=\"widget\" data-e-type=\"widget\" data-widget_type=\"heading.default\">\n\t\t\t\t<div class=\"elementor-widget-container\">\n\t\t\t\t\t<h2 class=\"elementor-heading-title elementor-size-default\">Privacy Policy<\/h2>\t\t\t\t<\/div>\n\t\t\t\t<\/div>\n\t\t\t\t\t<\/div>\n\t\t<\/div>\n\t\t\t\t\t<\/div>\n\t\t<\/section>\n\t\t\t\t<section class=\"elementor-section elementor-top-section elementor-element elementor-element-94a36c4 elementor-section-full_width elementor-section-height-default elementor-section-height-default\" data-id=\"94a36c4\" data-element_type=\"section\" data-e-type=\"section\" data-settings=\"{&quot;background_background&quot;:&quot;classic&quot;}\">\n\t\t\t\t\t\t<div class=\"elementor-container elementor-column-gap-default\">\n\t\t\t\t\t<div class=\"elementor-column elementor-col-100 elementor-top-column elementor-element elementor-element-46a88ac\" data-id=\"46a88ac\" data-element_type=\"column\" data-e-type=\"column\">\n\t\t\t<div class=\"elementor-widget-wrap elementor-element-populated\">\n\t\t\t\t\t\t<div class=\"elementor-element elementor-element-2f04077 elementor-widget elementor-widget-text-editor\" data-id=\"2f04077\" data-element_type=\"widget\" data-e-type=\"widget\" data-widget_type=\"text-editor.default\">\n\t\t\t\t<div class=\"elementor-widget-container\">\n\t\t\t\t\t\t\t\t\t<p>La visita a este sitio Web no implica que el usuario est\u00e9 obligado a facilitar ninguna informaci\u00f3n. En el caso de que el usuario facilite alguna informaci\u00f3n de car\u00e1cter personal, los datos recogidos en este sitio web ser\u00e1n tratados de forma leal y l\u00edcita, con sujeci\u00f3n en todo momento a los principios y derechos recogidos en el Reglamento General de Protecci\u00f3n de Datos (UE) 2016\/679, de 27 de abril, (RGPD) y en Ley Org\u00e1nica 3\/2018, de 5 de diciembre, de Protecci\u00f3n de Datos Personales y garant\u00eda de los derechos digitales, y dem\u00e1s legislaci\u00f3n complementaria.<\/p>\n<p>Los requisitos de esta Pol\u00edtica complementan, y no reemplazan, cualquier otro requisito existente bajo la ley de protecci\u00f3n de datos aplicable, que ser\u00e1 la que prevalezca en cualquier caso.<\/p>\n<p>Si eres menor de 14 a\u00f1os necesitas el consentimiento de tus padres o tutores para registrar alg\u00fan dato en esta web.<\/p>\n<p>En cumplimiento de lo dispuesto en el art\u00edculo 13 del RGPD te informamos de lo siguiente<\/p>\n<p><strong>\u00bfQui\u00e9n trata los datos?<\/strong><\/p>\n<p>Responsable del Tratamiento: Andr\u00e9s Sanjurjo Garc\u00eda (Responsable)<\/p>\n<p>NIF \/ CIF: 54151675S<\/p>\n<p>Domicilio: Plaza 8 de marzo no 1 esc.1 1o izq, 15.009,<\/p>\n<p>A Coru\u00f1a (Espa\u00f1a)<\/p>\n<p>Correo Electr\u00f3nico: <a href=\"mailto:info@acarinofilms.com\">info@acarinofilms.com<\/a><\/p>\n<p><strong>\u00bfCon qu\u00e9 finalidad se tratan los datos y cu\u00e1l es la base que legitima el tratamiento?<\/strong><\/p>\n<p>\u00danicamente recolectamos datos a trav\u00e9s del correo electr\u00f3nico de contacto o con el formulario de contacto, los cuales son el correo electr\u00f3nico, nombre, tel\u00e9fono y otros posibles datos de contacto o facturaci\u00f3n recibidos en el cuerpo del mensaje enviado por el usuario.<\/p>\n<p>La primera finalidad es informar sobre los productos o servicios solicitados. La base de legitimaci\u00f3n es la ejecuci\u00f3n de un contrato en el que el interesado es parte o para la aplicaci\u00f3n a petici\u00f3n de este de medidas precontractuales.<\/p>\n<p>La segunda finalidad es el env\u00edo de boletines (newsletters) referentes a productos o servicios del sector audiovisual. La base de legitimaci\u00f3n es el consentimiento, recabado mediante una checkbox situada en el formulario de contacto.<\/p>\n<p><strong>\u00bfCu\u00e1nto tiempo se conservan los datos?<\/strong><\/p>\n<p>Los datos personales proporcionados se conservar\u00e1n durante el tiempo necesario para cumplir con la finalidad para la que se recaban (cumplir con el servicio solicitado), y para determinar las posibles responsabilidades que se pudieran derivar de la finalidad, adem\u00e1s de los per\u00edodos establecidos en la normativa de archivos y documentaci\u00f3n. Cuando ya no sea necesario para tales fines, se suprimir\u00e1n con medidas de seguridad adecuadas para garantizar la seudonimizaci\u00f3n de los datos o la destrucci\u00f3n total de los mismos.<\/p>\n<p><strong>\u00bfQu\u00e9 derechos existen y c\u00f3mo ejercerlos?<\/strong><\/p>\n<p>De acuerdo con el RGPD se considera interesado a la persona cuyos datos personales se tratan, motivo por el cual puede beneficiarse de los derechos reconocidos por la normativa vigente, que son:<\/p>\n<p>\u25cf Derecho de acceso<br \/>\u25cf Derecho de rectificaci\u00f3n<br \/>\u25cf Derecho de oposici\u00f3n<br \/>\u25cf Derecho de supresi\u00f3n (\u00abal olvido\u00bb)<br \/>\u25cf Derecho a la limitaci\u00f3n del tratamiento<br \/>\u25cf Derecho a la portabilidad<br \/>\u25cf Derecho a no ser objeto de decisiones individuales automatizadas<br \/>\u25cf Derecho de informaci\u00f3n<\/p>\n<p>En la siguiente URL propiedad de la Agencia Espa\u00f1ola de Protecci\u00f3n de Datos encontrar\u00e1 m\u00e1s informaci\u00f3n, formularios y requisitos para ejercer sus derechos o presentar una reclamaci\u00f3n ante la autoridad de control<\/p>\n<p><a href=\"https:\/\/www.aepd.es\/es\/derechos-y-deberes\/conoce-tus-derechos\">https:\/\/www.aepd.es\/es\/derechos-y-deberes\/conoce-tus-derechos<\/a><\/p>\n<p>Para retirar su consentimiento o ejercer estos derechos utilice el mismo correo electr\u00f3nico de contacto: <a href=\"mailto:info@acarinofilms.com\">info@acarinofilms.com<\/a><\/p>\n<p><strong>\u00bfA qui\u00e9n se ceden los datos?<\/strong><\/p>\n<p>No hay cesi\u00f3n de datos a terceros, tus datos ser\u00e1n almacenados con los fines citados en esta pol\u00edtica de privacidad.<\/p>\n<p>No obstante, algunas entidades subcontratadas por el Responsable podr\u00edan acceder a los datos personales e informaci\u00f3n como Encargados o Subencargados del tratamiento para prestar al Responsable un servicio necesario para prestar el servicio contratado y solicitado expresamente por el usuario.<\/p>\n<p>\u00bfSe toman decisiones automatizadas?<\/p>\n<p>No se toman decisiones automatizadas ni se elaboran perfiles de los usuarios.<\/p>\n<p>\u00bfSe realizan transferencias internacionales de datos?<\/p>\n<p>No se realizan transferencias internacionales de datos.<\/p>\n<p><strong>Seguridad de los datos personales<\/strong><\/p>\n<p>Para proteger tus datos personales, el Responsable toma todas las precauciones razonables teniendo en cuenta el estado de la t\u00e9cnica, los costes de aplicaci\u00f3n, y la naturaleza, el alcance, el contexto y los fines del tratamiento, as\u00ed como riesgos de probabilidad y gravedad variables para los derechos y libertades de las personas f\u00edsicas. Sigue las pr\u00e1cticas de la industria para evitar su p\u00e9rdida, mal uso, acceso indebido, divulgaci\u00f3n, alteraci\u00f3n o destrucci\u00f3n de los mismos.<\/p>\n<p><strong>Encargados de tratamiento<\/strong><\/p>\n<p>La informaci\u00f3n personal recogida a trav\u00e9s del correo electr\u00f3nico publicado en la Web queda alojada en los servidores de Google Ireland Limited, una empresa que cumple con todas las garant\u00edas exigidas. Puedes consultar su pol\u00edtica de privacidad para tener m\u00e1s informaci\u00f3n en <a href=\"https:\/\/policies.google.com\/privacy?hl=es\">https:\/\/policies.google.com\/privacy?hl=es<\/a><\/p>\n<p>La informaci\u00f3n personal recogida a trav\u00e9s del formulario queda alojada en los servidores de OVH Hispano, m\u00e1s en <a href=\"https:\/\/www.ovh.es\/proteccion-datos-personales\/seguridad.xml\">https:\/\/www.ovh.es\/proteccion-datos-personales\/seguridad.xml<\/a>. Gestionados por el encargado de tratamiento RAIOLA NETWORKS, S.L.. Ambas empresas cumplen con la normativa de protecci\u00f3n de datos y aplican las medidas t\u00e9cnicas necesarias para garantizar la seguridad de tus datos dentro del estado de la t\u00e9cnica. Esta informaci\u00f3n podr\u00eda ser remitida al correo electr\u00f3nico de Google indicado en el p\u00e1rrafo anterior.<\/p>\n<p><strong>Cambios en la Pol\u00edtica de Privacidad<\/strong><\/p>\n<p>Andr\u00e9s Sanjurjo Garc\u00eda se reserva el derecho a modificar la presente Pol\u00edtica de Privacidad para adaptarla a novedades legislativas o jurisprudenciales, as\u00ed como a pr\u00e1cticas de la industria.<\/p>\n<p>Estas pol\u00edticas estar\u00e1n vigentes hasta que sean modificadas por otras debidamente publicadas en esta misma p\u00e1gina web.<\/p>\n\t\t\t\t\t\t\t\t<\/div>\n\t\t\t\t<\/div>\n\t\t\t\t\t<\/div>\n\t\t<\/div>\n\t\t\t\t\t<\/div>\n\t\t<\/section>\n\t\t\t\t<section class=\"elementor-section elementor-top-section elementor-element elementor-element-42df576 elementor-section-full_width elementor-section-height-default elementor-section-height-default\" data-id=\"42df576\" data-element_type=\"section\" data-e-type=\"section\" data-settings=\"{&quot;background_background&quot;:&quot;classic&quot;}\">\n\t\t\t\t\t\t<div class=\"elementor-container elementor-column-gap-default\">\n\t\t\t\t\t<div class=\"elementor-column elementor-col-100 elementor-top-column elementor-element elementor-element-2b34f3b\" data-id=\"2b34f3b\" data-element_type=\"column\" data-e-type=\"column\">\n\t\t\t<div class=\"elementor-widget-wrap elementor-element-populated\">\n\t\t\t\t\t\t<div class=\"elementor-element elementor-element-3384760 elementor-view-default elementor-widget elementor-widget-icon\" data-id=\"3384760\" data-element_type=\"widget\" data-e-type=\"widget\" data-widget_type=\"icon.default\">\n\t\t\t\t<div class=\"elementor-widget-container\">\n\t\t\t\t\t\t\t<div class=\"elementor-icon-wrapper\">\n\t\t\t<a class=\"elementor-icon\" href=\"#top\">\n\t\t\t<i aria-hidden=\"true\" class=\"fas fa-chevron-up\"><\/i>\t\t\t<\/a>\n\t\t<\/div>\n\t\t\t\t\t\t<\/div>\n\t\t\t\t<\/div>\n\t\t\t\t<div class=\"elementor-element elementor-element-f43994d elementor-align-center elementor-widget elementor-widget-button\" data-id=\"f43994d\" data-element_type=\"widget\" data-e-type=\"widget\" data-widget_type=\"button.default\">\n\t\t\t\t<div class=\"elementor-widget-container\">\n\t\t\t\t\t\t\t\t\t<div class=\"elementor-button-wrapper\">\n\t\t\t\t\t<a class=\"elementor-button elementor-button-link elementor-size-sm\" href=\"#\" target=\"_blank\">\n\t\t\t\t\t\t<span class=\"elementor-button-content-wrapper\">\n\t\t\t\t\t\t\t\t\t<span class=\"elementor-button-text\">DOWNLOADS<\/span>\n\t\t\t\t\t<\/span>\n\t\t\t\t\t<\/a>\n\t\t\t\t<\/div>\n\t\t\t\t\t\t\t\t<\/div>\n\t\t\t\t<\/div>\n\t\t\t\t<div class=\"elementor-element elementor-element-d8d813b elementor-widget elementor-widget-text-editor\" data-id=\"d8d813b\" data-element_type=\"widget\" data-e-type=\"widget\" data-widget_type=\"text-editor.default\">\n\t\t\t\t<div class=\"elementor-widget-container\">\n\t\t\t\t\t\t\t\t\t<p><strong>info@acarinofilms.com<\/strong><\/p>\n<p>Praza 8 de marzo, n\u00ba 1, esc 1, 1o izq \u00b7 15009 \u00b7 A Coru\u00f1a<\/p>\n<p>+34 625 863 410<\/p>\n\t\t\t\t\t\t\t\t<\/div>\n\t\t\t\t<\/div>\n\t\t\t\t\t<\/div>\n\t\t<\/div>\n\t\t\t\t\t<\/div>\n\t\t<\/section>\n\t\t\t\t<\/div>\n\t\t","protected":false},"excerpt":{"rendered":"<p>Privacy Policy La visita a este sitio Web no implica que el usuario est\u00e9 obligado a facilitar ninguna informaci\u00f3n. En el caso de que el usuario facilite alguna informaci\u00f3n de car\u00e1cter personal, los datos recogidos en este sitio web ser\u00e1n tratados de forma leal y l\u00edcita, con sujeci\u00f3n en todo momento a los principios y [&hellip;]<\/p>\n","protected":false},"author":1,"featured_media":0,"parent":0,"menu_order":0,"comment_status":"closed","ping_status":"closed","template":"","meta":{"footnotes":""},"class_list":["post-944","page","type-page","status-publish","hentry"],"yoast_head":"<!-- This site is optimized with the Yoast SEO plugin v27.5 - https:\/\/yoast.com\/product\/yoast-seo-wordpress\/ -->\n<title>Privacy Policy - Xerme<\/title>\n<meta name=\"robots\" content=\"index, follow, max-snippet:-1, max-image-preview:large, max-video-preview:-1\" \/>\n<link rel=\"canonical\" href=\"https:\/\/xermegame.gal\/en\/privacy-policy\/\" \/>\n<meta property=\"og:locale\" content=\"en_US\" \/>\n<meta property=\"og:type\" content=\"article\" \/>\n<meta property=\"og:title\" content=\"Privacy Policy - Xerme\" \/>\n<meta property=\"og:description\" content=\"Privacy Policy La visita a este sitio Web no implica que el usuario est\u00e9 obligado a facilitar ninguna informaci\u00f3n. En el caso de que el usuario facilite alguna informaci\u00f3n de car\u00e1cter personal, los datos recogidos en este sitio web ser\u00e1n tratados de forma leal y l\u00edcita, con sujeci\u00f3n en todo momento a los principios y [&hellip;]\" \/>\n<meta property=\"og:url\" content=\"https:\/\/xermegame.gal\/en\/privacy-policy\/\" \/>\n<meta property=\"og:site_name\" content=\"Xerme\" \/>\n<meta property=\"article:modified_time\" content=\"2024-05-08T22:32:19+00:00\" \/>\n<meta name=\"twitter:card\" content=\"summary_large_image\" \/>\n<meta name=\"twitter:label1\" content=\"Est. reading time\" \/>\n\t<meta name=\"twitter:data1\" content=\"5 minutes\" \/>\n<script type=\"application\/ld+json\" class=\"yoast-schema-graph\">{\"@context\":\"https:\\\/\\\/schema.org\",\"@graph\":[{\"@type\":\"WebPage\",\"@id\":\"https:\\\/\\\/xermegame.gal\\\/en\\\/privacy-policy\\\/\",\"url\":\"https:\\\/\\\/xermegame.gal\\\/en\\\/privacy-policy\\\/\",\"name\":\"Privacy Policy - Xerme\",\"isPartOf\":{\"@id\":\"https:\\\/\\\/xermegame.gal\\\/en\\\/#website\"},\"datePublished\":\"2024-04-05T14:58:01+00:00\",\"dateModified\":\"2024-05-08T22:32:19+00:00\",\"breadcrumb\":{\"@id\":\"https:\\\/\\\/xermegame.gal\\\/en\\\/privacy-policy\\\/#breadcrumb\"},\"inLanguage\":\"en-US\",\"potentialAction\":[{\"@type\":\"ReadAction\",\"target\":[\"https:\\\/\\\/xermegame.gal\\\/en\\\/privacy-policy\\\/\"]}]},{\"@type\":\"BreadcrumbList\",\"@id\":\"https:\\\/\\\/xermegame.gal\\\/en\\\/privacy-policy\\\/#breadcrumb\",\"itemListElement\":[{\"@type\":\"ListItem\",\"position\":1,\"name\":\"Portada\",\"item\":\"https:\\\/\\\/xermegame.gal\\\/en\\\/home\\\/\"},{\"@type\":\"ListItem\",\"position\":2,\"name\":\"Privacy Policy\"}]},{\"@type\":\"WebSite\",\"@id\":\"https:\\\/\\\/xermegame.gal\\\/en\\\/#website\",\"url\":\"https:\\\/\\\/xermegame.gal\\\/en\\\/\",\"name\":\"Xerme\",\"description\":\"\",\"potentialAction\":[{\"@type\":\"SearchAction\",\"target\":{\"@type\":\"EntryPoint\",\"urlTemplate\":\"https:\\\/\\\/xermegame.gal\\\/en\\\/?s={search_term_string}\"},\"query-input\":{\"@type\":\"PropertyValueSpecification\",\"valueRequired\":true,\"valueName\":\"search_term_string\"}}],\"inLanguage\":\"en-US\"}]}<\/script>\n<!-- \/ Yoast SEO plugin. -->","yoast_head_json":{"title":"Privacy Policy - Xerme","robots":{"index":"index","follow":"follow","max-snippet":"max-snippet:-1","max-image-preview":"max-image-preview:large","max-video-preview":"max-video-preview:-1"},"canonical":"https:\/\/xermegame.gal\/en\/privacy-policy\/","og_locale":"en_US","og_type":"article","og_title":"Privacy Policy - Xerme","og_description":"Privacy Policy La visita a este sitio Web no implica que el usuario est\u00e9 obligado a facilitar ninguna informaci\u00f3n. En el caso de que el usuario facilite alguna informaci\u00f3n de car\u00e1cter personal, los datos recogidos en este sitio web ser\u00e1n tratados de forma leal y l\u00edcita, con sujeci\u00f3n en todo momento a los principios y [&hellip;]","og_url":"https:\/\/xermegame.gal\/en\/privacy-policy\/","og_site_name":"Xerme","article_modified_time":"2024-05-08T22:32:19+00:00","twitter_card":"summary_large_image","twitter_misc":{"Est. reading time":"5 minutes"},"schema":{"@context":"https:\/\/schema.org","@graph":[{"@type":"WebPage","@id":"https:\/\/xermegame.gal\/en\/privacy-policy\/","url":"https:\/\/xermegame.gal\/en\/privacy-policy\/","name":"Privacy Policy - Xerme","isPartOf":{"@id":"https:\/\/xermegame.gal\/en\/#website"},"datePublished":"2024-04-05T14:58:01+00:00","dateModified":"2024-05-08T22:32:19+00:00","breadcrumb":{"@id":"https:\/\/xermegame.gal\/en\/privacy-policy\/#breadcrumb"},"inLanguage":"en-US","potentialAction":[{"@type":"ReadAction","target":["https:\/\/xermegame.gal\/en\/privacy-policy\/"]}]},{"@type":"BreadcrumbList","@id":"https:\/\/xermegame.gal\/en\/privacy-policy\/#breadcrumb","itemListElement":[{"@type":"ListItem","position":1,"name":"Portada","item":"https:\/\/xermegame.gal\/en\/home\/"},{"@type":"ListItem","position":2,"name":"Privacy Policy"}]},{"@type":"WebSite","@id":"https:\/\/xermegame.gal\/en\/#website","url":"https:\/\/xermegame.gal\/en\/","name":"Xerme","description":"","potentialAction":[{"@type":"SearchAction","target":{"@type":"EntryPoint","urlTemplate":"https:\/\/xermegame.gal\/en\/?s={search_term_string}"},"query-input":{"@type":"PropertyValueSpecification","valueRequired":true,"valueName":"search_term_string"}}],"inLanguage":"en-US"}]}},"_links":{"self":[{"href":"https:\/\/xermegame.gal\/en\/wp-json\/wp\/v2\/pages\/944","targetHints":{"allow":["GET"]}}],"collection":[{"href":"https:\/\/xermegame.gal\/en\/wp-json\/wp\/v2\/pages"}],"about":[{"href":"https:\/\/xermegame.gal\/en\/wp-json\/wp\/v2\/types\/page"}],"author":[{"embeddable":true,"href":"https:\/\/xermegame.gal\/en\/wp-json\/wp\/v2\/users\/1"}],"replies":[{"embeddable":true,"href":"https:\/\/xermegame.gal\/en\/wp-json\/wp\/v2\/comments?post=944"}],"version-history":[{"count":3,"href":"https:\/\/xermegame.gal\/en\/wp-json\/wp\/v2\/pages\/944\/revisions"}],"predecessor-version":[{"id":947,"href":"https:\/\/xermegame.gal\/en\/wp-json\/wp\/v2\/pages\/944\/revisions\/947"}],"wp:attachment":[{"href":"https:\/\/xermegame.gal\/en\/wp-json\/wp\/v2\/media?parent=944"}],"curies":[{"name":"wp","href":"https:\/\/api.w.org\/{rel}","templated":true}]}}