{"id":922,"date":"2024-04-05T09:05:47","date_gmt":"2024-04-05T09:05:47","guid":{"rendered":"https:\/\/xermegame.gal\/aviso-legal\/"},"modified":"2024-05-08T22:08:57","modified_gmt":"2024-05-08T22:08:57","slug":"aviso-legal","status":"publish","type":"page","link":"https:\/\/xermegame.gal\/en\/aviso-legal\/","title":{"rendered":"Aviso legal"},"content":{"rendered":"\t\t<div data-elementor-type=\"wp-page\" data-elementor-id=\"922\" class=\"elementor elementor-922 elementor-475\" data-elementor-post-type=\"page\">\n\t\t\t\t\t\t<section class=\"elementor-section elementor-top-section elementor-element elementor-element-d7e079f elementor-section-full_width elementor-section-height-default elementor-section-height-default\" data-id=\"d7e079f\" data-element_type=\"section\" data-e-type=\"section\" id=\"top\" data-settings=\"{&quot;background_background&quot;:&quot;classic&quot;}\">\n\t\t\t\t\t\t<div class=\"elementor-container elementor-column-gap-default\">\n\t\t\t\t\t<div class=\"elementor-column elementor-col-100 elementor-top-column elementor-element elementor-element-e1cf997\" data-id=\"e1cf997\" data-element_type=\"column\" data-e-type=\"column\">\n\t\t\t<div class=\"elementor-widget-wrap elementor-element-populated\">\n\t\t\t\t\t\t<div class=\"elementor-element elementor-element-40e08a9 elementor-widget elementor-widget-heading\" data-id=\"40e08a9\" data-element_type=\"widget\" data-e-type=\"widget\" data-widget_type=\"heading.default\">\n\t\t\t\t<div class=\"elementor-widget-container\">\n\t\t\t\t\t<h2 class=\"elementor-heading-title elementor-size-default\">aviso legal<\/h2>\t\t\t\t<\/div>\n\t\t\t\t<\/div>\n\t\t\t\t\t<\/div>\n\t\t<\/div>\n\t\t\t\t\t<\/div>\n\t\t<\/section>\n\t\t\t\t<section class=\"elementor-section elementor-top-section elementor-element elementor-element-94a36c4 elementor-section-full_width elementor-section-height-default elementor-section-height-default\" data-id=\"94a36c4\" data-element_type=\"section\" data-e-type=\"section\" data-settings=\"{&quot;background_background&quot;:&quot;classic&quot;}\">\n\t\t\t\t\t\t<div class=\"elementor-container elementor-column-gap-default\">\n\t\t\t\t\t<div class=\"elementor-column elementor-col-100 elementor-top-column elementor-element elementor-element-46a88ac\" data-id=\"46a88ac\" data-element_type=\"column\" data-e-type=\"column\">\n\t\t\t<div class=\"elementor-widget-wrap elementor-element-populated\">\n\t\t\t\t\t\t<div class=\"elementor-element elementor-element-2f04077 elementor-widget elementor-widget-text-editor\" data-id=\"2f04077\" data-element_type=\"widget\" data-e-type=\"widget\" data-widget_type=\"text-editor.default\">\n\t\t\t\t<div class=\"elementor-widget-container\">\n\t\t\t\t\t\t\t\t\t<p><strong>Informaci\u00f3n general<\/strong><\/p>\n<p>Este portal es propiedad de Andr\u00e9s Sanjurjo Garc\u00eda (Propietario) con NIF 54151675S y domicilio en Plaza 8 de marzo no 1 esc.1 1o izq, 15009, A Coru\u00f1a (Espa\u00f1a) y correo electr\u00f3nico info@acarinofilms.com.<\/p>\n<p><strong>Propiedad intelectual e industria<\/strong>l<\/p>\n<p>El dise\u00f1o del portal y sus c\u00f3digos fuente, as\u00ed como los logos, marcas, dem\u00e1s signos distintivos, trabajos audiovisuales, documentos y que aparecen en el mismo pertenecen al Propietario y est\u00e1n protegidos por los correspondientes derechos de propiedad intelectual e industrial.<\/p>\n<p>Todos los derechos reservados. En virtud de lo dispuesto la Ley de Propiedad Intelectual, quedan expresamente prohibidas la reproducci\u00f3n, la distribuci\u00f3n y la comunicaci\u00f3n p\u00fablica, incluida su modalidad de puesta a disposici\u00f3n, de la totalidad o parte de los contenidos de esta p\u00e1gina web, con fines comerciales, en cualquier soporte y por cualquier medio t\u00e9cnico.<\/p>\n<p>Su publicaci\u00f3n en cualquier medio de comunicaci\u00f3n digital o escrito requiere la autorizaci\u00f3n expresa del titular de la web, y, en todo caso, deber\u00e1n hacer referencia expl\u00edcita a la titularidad de los citados derechos de propiedad intelectual.<\/p>\n<p>Si quisiera realizar un hiperv\u00ednculo desde una web ajena al propietario podr\u00e1 utilizar, sin consentimiento, un v\u00ednculo a est\u00e1 misma p\u00e1gina web, sin que, en ning\u00fan caso, exista \u00e1nimo de lucro o pueda perjudicar la imagen comercial del Propietario o producir error o confusi\u00f3n en los usuarios sobre la verdadera procedencia del servicio o contenido. Ni tampoco se puede dar a entender que de otra forma patrocina, colabora, verifica o supervisa los servicios del remitente.<\/p>\n<p><strong>Responsabilidad de los contenidos<\/strong><\/p>\n<p>El Propietario no se hace responsable de la legalidad de otros sitios web de terceros desde los que pueda accederse al portal. El Propietario tampoco responde por la legalidad de otros sitios web de terceros, que pudieran estar vinculados o enlazados desde este portal. El titular har\u00e1 todo lo posible para garantizar el correcto funcionamiento la p\u00e1gina web, sin embargo, no puede asegurar la falta de interrupciones por razones t\u00e9cnicas.<\/p>\n<p>El Propietario se reserva el derecho a realizar cambios en el presente aviso legal y en el sitio web en general, sin previo aviso, al objeto de mantener actualizada su informaci\u00f3n, a\u00f1adiendo, modificando, corrigiendo o eliminando los contenidos publicados o el dise\u00f1o del portal.<\/p>\n<p>El Propietario no se har\u00e1 responsable del uso que terceros hagan de este sitio web y de la informaci\u00f3n publicada en \u00e9l, ni tampoco de los da\u00f1os sufridos o p\u00e9rdidas econ\u00f3micas que, de forma directa o indirecta, produzcan perjuicios econ\u00f3micos, materiales o sobre datos, provocados por el uso de dicha informaci\u00f3n.<\/p>\n<p><strong>Condiciones de uso<\/strong><\/p>\n<p>El Usuario debe utilizar de forma racional y adecuada esta Web de acuerdo con la legalidad vigente, respetando el aviso legal en su totalidad.<\/p>\n<p>El Usuario se compromete a que las actividades que desarrolle a trav\u00e9s del sitio Web se adecuar\u00e1n a la ley, la costumbre y la buena fe y, en ning\u00fan caso, resultar\u00e1n ofensivas para el buen nombre e imagen comercial del Propietario, otros Usuarios de la Web o para terceros.<\/p>\n<p>El Usuario emplear\u00e1 la diligencia adecuada, y no realizar\u00e1 ninguna acci\u00f3n que cause da\u00f1o o perturbaciones en la Web, ya sea directamente en ella o en sus proveedores de servicios. Queda prohibido introducir cualquier c\u00f3digo malicioso en la Web o en cualquier comunicaci\u00f3n realizada.<\/p>\n<p>El usuario responder\u00e1 de los da\u00f1os causados por el uso imprudente o doloso de la Web o por el incumplimiento del presente aviso legal.<\/p>\n<p><strong>Legislaci\u00f3n aplicable y competencia<\/strong><\/p>\n<p>Para cualquier controversia que surja o guarde relaci\u00f3n con el uso de la p\u00e1gina web ambas partes se someten a la legislaci\u00f3n espa\u00f1ola y a los Juzgados y Tribunales de la ciudad de A Coru\u00f1a con renuncia a su propio fuero, si \u00e9ste fuese otro.<\/p>\n\t\t\t\t\t\t\t\t<\/div>\n\t\t\t\t<\/div>\n\t\t\t\t\t<\/div>\n\t\t<\/div>\n\t\t\t\t\t<\/div>\n\t\t<\/section>\n\t\t\t\t<section class=\"elementor-section elementor-top-section elementor-element elementor-element-42df576 elementor-section-full_width elementor-section-height-default elementor-section-height-default\" data-id=\"42df576\" data-element_type=\"section\" data-e-type=\"section\" data-settings=\"{&quot;background_background&quot;:&quot;classic&quot;}\">\n\t\t\t\t\t\t<div class=\"elementor-container elementor-column-gap-default\">\n\t\t\t\t\t<div class=\"elementor-column elementor-col-100 elementor-top-column elementor-element elementor-element-2b34f3b\" data-id=\"2b34f3b\" data-element_type=\"column\" data-e-type=\"column\">\n\t\t\t<div class=\"elementor-widget-wrap elementor-element-populated\">\n\t\t\t\t\t\t<div class=\"elementor-element elementor-element-3384760 elementor-view-default elementor-widget elementor-widget-icon\" data-id=\"3384760\" data-element_type=\"widget\" data-e-type=\"widget\" data-widget_type=\"icon.default\">\n\t\t\t\t<div class=\"elementor-widget-container\">\n\t\t\t\t\t\t\t<div class=\"elementor-icon-wrapper\">\n\t\t\t<a class=\"elementor-icon\" href=\"#top\">\n\t\t\t<i aria-hidden=\"true\" class=\"fas fa-chevron-up\"><\/i>\t\t\t<\/a>\n\t\t<\/div>\n\t\t\t\t\t\t<\/div>\n\t\t\t\t<\/div>\n\t\t\t\t<div class=\"elementor-element elementor-element-f43994d elementor-align-center elementor-widget elementor-widget-button\" data-id=\"f43994d\" data-element_type=\"widget\" data-e-type=\"widget\" data-widget_type=\"button.default\">\n\t\t\t\t<div class=\"elementor-widget-container\">\n\t\t\t\t\t\t\t\t\t<div class=\"elementor-button-wrapper\">\n\t\t\t\t\t<a class=\"elementor-button elementor-button-link elementor-size-sm\" href=\"#\" target=\"_blank\">\n\t\t\t\t\t\t<span class=\"elementor-button-content-wrapper\">\n\t\t\t\t\t\t\t\t\t<span class=\"elementor-button-text\">DESCARGAS<\/span>\n\t\t\t\t\t<\/span>\n\t\t\t\t\t<\/a>\n\t\t\t\t<\/div>\n\t\t\t\t\t\t\t\t<\/div>\n\t\t\t\t<\/div>\n\t\t\t\t<div class=\"elementor-element elementor-element-d8d813b elementor-widget elementor-widget-text-editor\" data-id=\"d8d813b\" data-element_type=\"widget\" data-e-type=\"widget\" data-widget_type=\"text-editor.default\">\n\t\t\t\t<div class=\"elementor-widget-container\">\n\t\t\t\t\t\t\t\t\t<p><strong>info@acarinofilms.com<\/strong><\/p>\n<p>Praza 8 de marzo, n\u00ba 1, esc 1, 1o izq \u00b7 15009 \u00b7 A Coru\u00f1a<\/p>\n<p>+34 625 863 410<\/p>\n\t\t\t\t\t\t\t\t<\/div>\n\t\t\t\t<\/div>\n\t\t\t\t\t<\/div>\n\t\t<\/div>\n\t\t\t\t\t<\/div>\n\t\t<\/section>\n\t\t\t\t<\/div>\n\t\t","protected":false},"excerpt":{"rendered":"<p>aviso legal Informaci\u00f3n general Este portal es propiedad de Andr\u00e9s Sanjurjo Garc\u00eda (Propietario) con NIF 54151675S y domicilio en Plaza 8 de marzo no 1 esc.1 1o izq, 15009, A Coru\u00f1a (Espa\u00f1a) y correo electr\u00f3nico info@acarinofilms.com. Propiedad intelectual e industrial El dise\u00f1o del portal y sus c\u00f3digos fuente, as\u00ed como los logos, marcas, dem\u00e1s signos [&hellip;]<\/p>\n","protected":false},"author":1,"featured_media":0,"parent":0,"menu_order":0,"comment_status":"closed","ping_status":"closed","template":"","meta":{"footnotes":""},"class_list":["post-922","page","type-page","status-publish","hentry"],"yoast_head":"<!-- This site is optimized with the Yoast SEO plugin v27.5 - https:\/\/yoast.com\/product\/yoast-seo-wordpress\/ -->\n<title>Aviso legal - Xerme<\/title>\n<meta name=\"robots\" content=\"index, follow, max-snippet:-1, max-image-preview:large, max-video-preview:-1\" \/>\n<link rel=\"canonical\" href=\"https:\/\/xermegame.gal\/en\/aviso-legal\/\" \/>\n<meta property=\"og:locale\" content=\"en_US\" \/>\n<meta property=\"og:type\" content=\"article\" \/>\n<meta property=\"og:title\" content=\"Aviso legal - Xerme\" \/>\n<meta property=\"og:description\" content=\"aviso legal Informaci\u00f3n general Este portal es propiedad de Andr\u00e9s Sanjurjo Garc\u00eda (Propietario) con NIF 54151675S y domicilio en Plaza 8 de marzo no 1 esc.1 1o izq, 15009, A Coru\u00f1a (Espa\u00f1a) y correo electr\u00f3nico info@acarinofilms.com. Propiedad intelectual e industrial El dise\u00f1o del portal y sus c\u00f3digos fuente, as\u00ed como los logos, marcas, dem\u00e1s signos [&hellip;]\" \/>\n<meta property=\"og:url\" content=\"https:\/\/xermegame.gal\/en\/aviso-legal\/\" \/>\n<meta property=\"og:site_name\" content=\"Xerme\" \/>\n<meta property=\"article:modified_time\" content=\"2024-05-08T22:08:57+00:00\" \/>\n<meta name=\"twitter:card\" content=\"summary_large_image\" \/>\n<meta name=\"twitter:label1\" content=\"Est. reading time\" \/>\n\t<meta name=\"twitter:data1\" content=\"3 minutes\" \/>\n<script type=\"application\/ld+json\" class=\"yoast-schema-graph\">{\"@context\":\"https:\\\/\\\/schema.org\",\"@graph\":[{\"@type\":\"WebPage\",\"@id\":\"https:\\\/\\\/xermegame.gal\\\/en\\\/aviso-legal\\\/\",\"url\":\"https:\\\/\\\/xermegame.gal\\\/en\\\/aviso-legal\\\/\",\"name\":\"Aviso legal - Xerme\",\"isPartOf\":{\"@id\":\"https:\\\/\\\/xermegame.gal\\\/en\\\/#website\"},\"datePublished\":\"2024-04-05T09:05:47+00:00\",\"dateModified\":\"2024-05-08T22:08:57+00:00\",\"breadcrumb\":{\"@id\":\"https:\\\/\\\/xermegame.gal\\\/en\\\/aviso-legal\\\/#breadcrumb\"},\"inLanguage\":\"en-US\",\"potentialAction\":[{\"@type\":\"ReadAction\",\"target\":[\"https:\\\/\\\/xermegame.gal\\\/en\\\/aviso-legal\\\/\"]}]},{\"@type\":\"BreadcrumbList\",\"@id\":\"https:\\\/\\\/xermegame.gal\\\/en\\\/aviso-legal\\\/#breadcrumb\",\"itemListElement\":[{\"@type\":\"ListItem\",\"position\":1,\"name\":\"Portada\",\"item\":\"https:\\\/\\\/xermegame.gal\\\/en\\\/home\\\/\"},{\"@type\":\"ListItem\",\"position\":2,\"name\":\"Aviso legal\"}]},{\"@type\":\"WebSite\",\"@id\":\"https:\\\/\\\/xermegame.gal\\\/en\\\/#website\",\"url\":\"https:\\\/\\\/xermegame.gal\\\/en\\\/\",\"name\":\"Xerme\",\"description\":\"\",\"potentialAction\":[{\"@type\":\"SearchAction\",\"target\":{\"@type\":\"EntryPoint\",\"urlTemplate\":\"https:\\\/\\\/xermegame.gal\\\/en\\\/?s={search_term_string}\"},\"query-input\":{\"@type\":\"PropertyValueSpecification\",\"valueRequired\":true,\"valueName\":\"search_term_string\"}}],\"inLanguage\":\"en-US\"}]}<\/script>\n<!-- \/ Yoast SEO plugin. -->","yoast_head_json":{"title":"Aviso legal - Xerme","robots":{"index":"index","follow":"follow","max-snippet":"max-snippet:-1","max-image-preview":"max-image-preview:large","max-video-preview":"max-video-preview:-1"},"canonical":"https:\/\/xermegame.gal\/en\/aviso-legal\/","og_locale":"en_US","og_type":"article","og_title":"Aviso legal - Xerme","og_description":"aviso legal Informaci\u00f3n general Este portal es propiedad de Andr\u00e9s Sanjurjo Garc\u00eda (Propietario) con NIF 54151675S y domicilio en Plaza 8 de marzo no 1 esc.1 1o izq, 15009, A Coru\u00f1a (Espa\u00f1a) y correo electr\u00f3nico info@acarinofilms.com. Propiedad intelectual e industrial El dise\u00f1o del portal y sus c\u00f3digos fuente, as\u00ed como los logos, marcas, dem\u00e1s signos [&hellip;]","og_url":"https:\/\/xermegame.gal\/en\/aviso-legal\/","og_site_name":"Xerme","article_modified_time":"2024-05-08T22:08:57+00:00","twitter_card":"summary_large_image","twitter_misc":{"Est. reading time":"3 minutes"},"schema":{"@context":"https:\/\/schema.org","@graph":[{"@type":"WebPage","@id":"https:\/\/xermegame.gal\/en\/aviso-legal\/","url":"https:\/\/xermegame.gal\/en\/aviso-legal\/","name":"Aviso legal - Xerme","isPartOf":{"@id":"https:\/\/xermegame.gal\/en\/#website"},"datePublished":"2024-04-05T09:05:47+00:00","dateModified":"2024-05-08T22:08:57+00:00","breadcrumb":{"@id":"https:\/\/xermegame.gal\/en\/aviso-legal\/#breadcrumb"},"inLanguage":"en-US","potentialAction":[{"@type":"ReadAction","target":["https:\/\/xermegame.gal\/en\/aviso-legal\/"]}]},{"@type":"BreadcrumbList","@id":"https:\/\/xermegame.gal\/en\/aviso-legal\/#breadcrumb","itemListElement":[{"@type":"ListItem","position":1,"name":"Portada","item":"https:\/\/xermegame.gal\/en\/home\/"},{"@type":"ListItem","position":2,"name":"Aviso legal"}]},{"@type":"WebSite","@id":"https:\/\/xermegame.gal\/en\/#website","url":"https:\/\/xermegame.gal\/en\/","name":"Xerme","description":"","potentialAction":[{"@type":"SearchAction","target":{"@type":"EntryPoint","urlTemplate":"https:\/\/xermegame.gal\/en\/?s={search_term_string}"},"query-input":{"@type":"PropertyValueSpecification","valueRequired":true,"valueName":"search_term_string"}}],"inLanguage":"en-US"}]}},"_links":{"self":[{"href":"https:\/\/xermegame.gal\/en\/wp-json\/wp\/v2\/pages\/922","targetHints":{"allow":["GET"]}}],"collection":[{"href":"https:\/\/xermegame.gal\/en\/wp-json\/wp\/v2\/pages"}],"about":[{"href":"https:\/\/xermegame.gal\/en\/wp-json\/wp\/v2\/types\/page"}],"author":[{"embeddable":true,"href":"https:\/\/xermegame.gal\/en\/wp-json\/wp\/v2\/users\/1"}],"replies":[{"embeddable":true,"href":"https:\/\/xermegame.gal\/en\/wp-json\/wp\/v2\/comments?post=922"}],"version-history":[{"count":3,"href":"https:\/\/xermegame.gal\/en\/wp-json\/wp\/v2\/pages\/922\/revisions"}],"predecessor-version":[{"id":925,"href":"https:\/\/xermegame.gal\/en\/wp-json\/wp\/v2\/pages\/922\/revisions\/925"}],"wp:attachment":[{"href":"https:\/\/xermegame.gal\/en\/wp-json\/wp\/v2\/media?parent=922"}],"curies":[{"name":"wp","href":"https:\/\/api.w.org\/{rel}","templated":true}]}}